{"id":244,"date":"2020-04-05T16:44:21","date_gmt":"2020-04-05T19:44:21","guid":{"rendered":"http:\/\/virtuouscompany.com\/espanol\/?page_id=244"},"modified":"2020-05-29T23:23:08","modified_gmt":"2020-05-30T02:23:08","slug":"que-hacemos","status":"publish","type":"page","link":"https:\/\/virtuouscompany.com\/espanol\/que-hacemos\/","title":{"rendered":"Que Hacemos"},"content":{"rendered":"","protected":false},"excerpt":{"rendered":"","protected":false},"author":1,"featured_media":105,"parent":0,"menu_order":0,"comment_status":"closed","ping_status":"closed","template":"","meta":{"footnotes":""},"class_list":["post-244","page","type-page","status-publish","has-post-thumbnail","hentry"],"yoast_head":"<!-- This site is optimized with the Yoast SEO plugin v26.9 - https:\/\/yoast.com\/product\/yoast-seo-wordpress\/ -->\n<title>Consultoria y Educaci\u00f3n Ejecutiva \u2013 Virtuous Company<\/title>\n<meta name=\"description\" content=\"Virtuous Company es una Consultor\u00eda de Alta Gesti\u00f3n y Educaci\u00f3n Ejecutiva que tiene como prop\u00f3sito ayudar a nuestros clientes a obtener \u00e9xito duradero.\" \/>\n<meta name=\"robots\" content=\"index, follow, max-snippet:-1, max-image-preview:large, max-video-preview:-1\" \/>\n<link rel=\"canonical\" href=\"https:\/\/virtuouscompany.com\/espanol\/que-hacemos\/\" \/>\n<meta property=\"og:locale\" content=\"pt_BR\" \/>\n<meta property=\"og:type\" content=\"article\" \/>\n<meta property=\"og:title\" content=\"Consultoria y Educaci\u00f3n Ejecutiva \u2013 Virtuous Company\" \/>\n<meta property=\"og:description\" content=\"Virtuous Company es una Consultor\u00eda de Alta Gesti\u00f3n y Educaci\u00f3n Ejecutiva que tiene como prop\u00f3sito ayudar a nuestros clientes a obtener \u00e9xito duradero.\" \/>\n<meta property=\"og:url\" content=\"https:\/\/virtuouscompany.com\/espanol\/que-hacemos\/\" \/>\n<meta property=\"og:site_name\" content=\"Virtuous Company\" \/>\n<meta property=\"article:modified_time\" content=\"2020-05-30T02:23:08+00:00\" \/>\n<meta property=\"og:image\" content=\"https:\/\/virtuouscompany.com\/espanol\/wp-content\/uploads\/2020\/03\/icone-512.png\" \/>\n\t<meta property=\"og:image:width\" content=\"512\" \/>\n\t<meta property=\"og:image:height\" content=\"512\" \/>\n\t<meta property=\"og:image:type\" content=\"image\/png\" \/>\n<meta name=\"twitter:card\" content=\"summary_large_image\" \/>\n<script type=\"application\/ld+json\" class=\"yoast-schema-graph\">{\"@context\":\"https:\/\/schema.org\",\"@graph\":[{\"@type\":\"WebPage\",\"@id\":\"https:\/\/virtuouscompany.com\/espanol\/que-hacemos\/\",\"url\":\"https:\/\/virtuouscompany.com\/espanol\/que-hacemos\/\",\"name\":\"Consultoria y Educaci\u00f3n Ejecutiva \u2013 Virtuous Company\",\"isPartOf\":{\"@id\":\"https:\/\/virtuouscompany.com\/espanol\/#website\"},\"primaryImageOfPage\":{\"@id\":\"https:\/\/virtuouscompany.com\/espanol\/que-hacemos\/#primaryimage\"},\"image\":{\"@id\":\"https:\/\/virtuouscompany.com\/espanol\/que-hacemos\/#primaryimage\"},\"thumbnailUrl\":\"https:\/\/virtuouscompany.com\/espanol\/wp-content\/uploads\/2020\/03\/icone-512.png\",\"datePublished\":\"2020-04-05T19:44:21+00:00\",\"dateModified\":\"2020-05-30T02:23:08+00:00\",\"description\":\"Virtuous Company es una Consultor\u00eda de Alta Gesti\u00f3n y Educaci\u00f3n Ejecutiva que tiene como prop\u00f3sito ayudar a nuestros clientes a obtener \u00e9xito duradero.\",\"breadcrumb\":{\"@id\":\"https:\/\/virtuouscompany.com\/espanol\/que-hacemos\/#breadcrumb\"},\"inLanguage\":\"pt-BR\",\"potentialAction\":[{\"@type\":\"ReadAction\",\"target\":[\"https:\/\/virtuouscompany.com\/espanol\/que-hacemos\/\"]}]},{\"@type\":\"ImageObject\",\"inLanguage\":\"pt-BR\",\"@id\":\"https:\/\/virtuouscompany.com\/espanol\/que-hacemos\/#primaryimage\",\"url\":\"https:\/\/virtuouscompany.com\/espanol\/wp-content\/uploads\/2020\/03\/icone-512.png\",\"contentUrl\":\"https:\/\/virtuouscompany.com\/espanol\/wp-content\/uploads\/2020\/03\/icone-512.png\",\"width\":512,\"height\":512,\"caption\":\"Virtuous Company\"},{\"@type\":\"BreadcrumbList\",\"@id\":\"https:\/\/virtuouscompany.com\/espanol\/que-hacemos\/#breadcrumb\",\"itemListElement\":[{\"@type\":\"ListItem\",\"position\":1,\"name\":\"Home\",\"item\":\"https:\/\/virtuouscompany.com\/espanol\/\"},{\"@type\":\"ListItem\",\"position\":2,\"name\":\"Que Hacemos\"}]},{\"@type\":\"WebSite\",\"@id\":\"https:\/\/virtuouscompany.com\/espanol\/#website\",\"url\":\"https:\/\/virtuouscompany.com\/espanol\/\",\"name\":\"Virtuous Company\",\"description\":\"Consultoria de Alta Gest\u00e3o e Educa\u00e7\u00e3o Executiva\",\"potentialAction\":[{\"@type\":\"SearchAction\",\"target\":{\"@type\":\"EntryPoint\",\"urlTemplate\":\"https:\/\/virtuouscompany.com\/espanol\/?s={search_term_string}\"},\"query-input\":{\"@type\":\"PropertyValueSpecification\",\"valueRequired\":true,\"valueName\":\"search_term_string\"}}],\"inLanguage\":\"pt-BR\"}]}<\/script>\n<!-- \/ Yoast SEO plugin. -->","yoast_head_json":{"title":"Consultoria y Educaci\u00f3n Ejecutiva \u2013 Virtuous Company","description":"Virtuous Company es una Consultor\u00eda de Alta Gesti\u00f3n y Educaci\u00f3n Ejecutiva que tiene como prop\u00f3sito ayudar a nuestros clientes a obtener \u00e9xito duradero.","robots":{"index":"index","follow":"follow","max-snippet":"max-snippet:-1","max-image-preview":"max-image-preview:large","max-video-preview":"max-video-preview:-1"},"canonical":"https:\/\/virtuouscompany.com\/espanol\/que-hacemos\/","og_locale":"pt_BR","og_type":"article","og_title":"Consultoria y Educaci\u00f3n Ejecutiva \u2013 Virtuous Company","og_description":"Virtuous Company es una Consultor\u00eda de Alta Gesti\u00f3n y Educaci\u00f3n Ejecutiva que tiene como prop\u00f3sito ayudar a nuestros clientes a obtener \u00e9xito duradero.","og_url":"https:\/\/virtuouscompany.com\/espanol\/que-hacemos\/","og_site_name":"Virtuous Company","article_modified_time":"2020-05-30T02:23:08+00:00","og_image":[{"width":512,"height":512,"url":"https:\/\/virtuouscompany.com\/espanol\/wp-content\/uploads\/2020\/03\/icone-512.png","type":"image\/png"}],"twitter_card":"summary_large_image","schema":{"@context":"https:\/\/schema.org","@graph":[{"@type":"WebPage","@id":"https:\/\/virtuouscompany.com\/espanol\/que-hacemos\/","url":"https:\/\/virtuouscompany.com\/espanol\/que-hacemos\/","name":"Consultoria y Educaci\u00f3n Ejecutiva \u2013 Virtuous Company","isPartOf":{"@id":"https:\/\/virtuouscompany.com\/espanol\/#website"},"primaryImageOfPage":{"@id":"https:\/\/virtuouscompany.com\/espanol\/que-hacemos\/#primaryimage"},"image":{"@id":"https:\/\/virtuouscompany.com\/espanol\/que-hacemos\/#primaryimage"},"thumbnailUrl":"https:\/\/virtuouscompany.com\/espanol\/wp-content\/uploads\/2020\/03\/icone-512.png","datePublished":"2020-04-05T19:44:21+00:00","dateModified":"2020-05-30T02:23:08+00:00","description":"Virtuous Company es una Consultor\u00eda de Alta Gesti\u00f3n y Educaci\u00f3n Ejecutiva que tiene como prop\u00f3sito ayudar a nuestros clientes a obtener \u00e9xito duradero.","breadcrumb":{"@id":"https:\/\/virtuouscompany.com\/espanol\/que-hacemos\/#breadcrumb"},"inLanguage":"pt-BR","potentialAction":[{"@type":"ReadAction","target":["https:\/\/virtuouscompany.com\/espanol\/que-hacemos\/"]}]},{"@type":"ImageObject","inLanguage":"pt-BR","@id":"https:\/\/virtuouscompany.com\/espanol\/que-hacemos\/#primaryimage","url":"https:\/\/virtuouscompany.com\/espanol\/wp-content\/uploads\/2020\/03\/icone-512.png","contentUrl":"https:\/\/virtuouscompany.com\/espanol\/wp-content\/uploads\/2020\/03\/icone-512.png","width":512,"height":512,"caption":"Virtuous Company"},{"@type":"BreadcrumbList","@id":"https:\/\/virtuouscompany.com\/espanol\/que-hacemos\/#breadcrumb","itemListElement":[{"@type":"ListItem","position":1,"name":"Home","item":"https:\/\/virtuouscompany.com\/espanol\/"},{"@type":"ListItem","position":2,"name":"Que Hacemos"}]},{"@type":"WebSite","@id":"https:\/\/virtuouscompany.com\/espanol\/#website","url":"https:\/\/virtuouscompany.com\/espanol\/","name":"Virtuous Company","description":"Consultoria de Alta Gest\u00e3o e Educa\u00e7\u00e3o Executiva","potentialAction":[{"@type":"SearchAction","target":{"@type":"EntryPoint","urlTemplate":"https:\/\/virtuouscompany.com\/espanol\/?s={search_term_string}"},"query-input":{"@type":"PropertyValueSpecification","valueRequired":true,"valueName":"search_term_string"}}],"inLanguage":"pt-BR"}]}},"_links":{"self":[{"href":"https:\/\/virtuouscompany.com\/espanol\/wp-json\/wp\/v2\/pages\/244","targetHints":{"allow":["GET"]}}],"collection":[{"href":"https:\/\/virtuouscompany.com\/espanol\/wp-json\/wp\/v2\/pages"}],"about":[{"href":"https:\/\/virtuouscompany.com\/espanol\/wp-json\/wp\/v2\/types\/page"}],"author":[{"embeddable":true,"href":"https:\/\/virtuouscompany.com\/espanol\/wp-json\/wp\/v2\/users\/1"}],"replies":[{"embeddable":true,"href":"https:\/\/virtuouscompany.com\/espanol\/wp-json\/wp\/v2\/comments?post=244"}],"version-history":[{"count":4,"href":"https:\/\/virtuouscompany.com\/espanol\/wp-json\/wp\/v2\/pages\/244\/revisions"}],"predecessor-version":[{"id":519,"href":"https:\/\/virtuouscompany.com\/espanol\/wp-json\/wp\/v2\/pages\/244\/revisions\/519"}],"wp:featuredmedia":[{"embeddable":true,"href":"https:\/\/virtuouscompany.com\/espanol\/wp-json\/wp\/v2\/media\/105"}],"wp:attachment":[{"href":"https:\/\/virtuouscompany.com\/espanol\/wp-json\/wp\/v2\/media?parent=244"}],"curies":[{"name":"wp","href":"https:\/\/api.w.org\/{rel}","templated":true}]}}