{"id":244,"date":"2020-04-05T16:44:21","date_gmt":"2020-04-05T19:44:21","guid":{"rendered":"https:\/\/virtuouscompany.com\/english\/?page_id=244"},"modified":"2020-05-31T19:11:43","modified_gmt":"2020-05-31T22:11:43","slug":"what-we-do","status":"publish","type":"page","link":"https:\/\/virtuouscompany.com\/english\/what-we-do\/","title":{"rendered":"What We Do"},"content":{"rendered":"","protected":false},"excerpt":{"rendered":"","protected":false},"author":1,"featured_media":105,"parent":0,"menu_order":0,"comment_status":"closed","ping_status":"closed","template":"","meta":{"footnotes":""},"class_list":["post-244","page","type-page","status-publish","has-post-thumbnail","hentry"],"yoast_head":"<!-- This site is optimized with the Yoast SEO plugin v26.9 - https:\/\/yoast.com\/product\/yoast-seo-wordpress\/ -->\n<title>Top Management Consultancy and Executive Education<\/title>\n<meta name=\"description\" content=\"A top management consultancy with the purpose of helping our clients to achieve lasting success in the society and business environment of the 21st century.\" \/>\n<meta name=\"robots\" content=\"index, follow, max-snippet:-1, max-image-preview:large, max-video-preview:-1\" \/>\n<link rel=\"canonical\" href=\"https:\/\/virtuouscompany.com\/english\/what-we-do\/\" \/>\n<meta property=\"og:locale\" content=\"pt_BR\" \/>\n<meta property=\"og:type\" content=\"article\" \/>\n<meta property=\"og:title\" content=\"Top Management Consultancy and Executive Education\" \/>\n<meta property=\"og:description\" content=\"A top management consultancy with the purpose of helping our clients to achieve lasting success in the society and business environment of the 21st century.\" \/>\n<meta property=\"og:url\" content=\"https:\/\/virtuouscompany.com\/english\/what-we-do\/\" \/>\n<meta property=\"og:site_name\" content=\"Virtuous Company\" \/>\n<meta property=\"article:modified_time\" content=\"2020-05-31T22:11:43+00:00\" \/>\n<meta property=\"og:image\" content=\"https:\/\/virtuouscompany.com\/english\/wp-content\/uploads\/2020\/03\/icone-512.png\" \/>\n\t<meta property=\"og:image:width\" content=\"512\" \/>\n\t<meta property=\"og:image:height\" content=\"512\" \/>\n\t<meta property=\"og:image:type\" content=\"image\/png\" \/>\n<meta name=\"twitter:card\" content=\"summary_large_image\" \/>\n<script type=\"application\/ld+json\" class=\"yoast-schema-graph\">{\"@context\":\"https:\/\/schema.org\",\"@graph\":[{\"@type\":\"WebPage\",\"@id\":\"https:\/\/virtuouscompany.com\/english\/what-we-do\/\",\"url\":\"https:\/\/virtuouscompany.com\/english\/what-we-do\/\",\"name\":\"Top Management Consultancy and Executive Education\",\"isPartOf\":{\"@id\":\"https:\/\/virtuouscompany.com\/english\/#website\"},\"primaryImageOfPage\":{\"@id\":\"https:\/\/virtuouscompany.com\/english\/what-we-do\/#primaryimage\"},\"image\":{\"@id\":\"https:\/\/virtuouscompany.com\/english\/what-we-do\/#primaryimage\"},\"thumbnailUrl\":\"https:\/\/virtuouscompany.com\/english\/wp-content\/uploads\/2020\/03\/icone-512.png\",\"datePublished\":\"2020-04-05T19:44:21+00:00\",\"dateModified\":\"2020-05-31T22:11:43+00:00\",\"description\":\"A top management consultancy with the purpose of helping our clients to achieve lasting success in the society and business environment of the 21st century.\",\"breadcrumb\":{\"@id\":\"https:\/\/virtuouscompany.com\/english\/what-we-do\/#breadcrumb\"},\"inLanguage\":\"pt-BR\",\"potentialAction\":[{\"@type\":\"ReadAction\",\"target\":[\"https:\/\/virtuouscompany.com\/english\/what-we-do\/\"]}]},{\"@type\":\"ImageObject\",\"inLanguage\":\"pt-BR\",\"@id\":\"https:\/\/virtuouscompany.com\/english\/what-we-do\/#primaryimage\",\"url\":\"https:\/\/virtuouscompany.com\/english\/wp-content\/uploads\/2020\/03\/icone-512.png\",\"contentUrl\":\"https:\/\/virtuouscompany.com\/english\/wp-content\/uploads\/2020\/03\/icone-512.png\",\"width\":512,\"height\":512,\"caption\":\"Virtuous Company\"},{\"@type\":\"BreadcrumbList\",\"@id\":\"https:\/\/virtuouscompany.com\/english\/what-we-do\/#breadcrumb\",\"itemListElement\":[{\"@type\":\"ListItem\",\"position\":1,\"name\":\"Home\",\"item\":\"https:\/\/virtuouscompany.com\/english\/\"},{\"@type\":\"ListItem\",\"position\":2,\"name\":\"What We Do\"}]},{\"@type\":\"WebSite\",\"@id\":\"https:\/\/virtuouscompany.com\/english\/#website\",\"url\":\"https:\/\/virtuouscompany.com\/english\/\",\"name\":\"Virtuous Company\",\"description\":\"Consultoria de Alta Gest\u00e3o e Educa\u00e7\u00e3o Executiva\",\"potentialAction\":[{\"@type\":\"SearchAction\",\"target\":{\"@type\":\"EntryPoint\",\"urlTemplate\":\"https:\/\/virtuouscompany.com\/english\/?s={search_term_string}\"},\"query-input\":{\"@type\":\"PropertyValueSpecification\",\"valueRequired\":true,\"valueName\":\"search_term_string\"}}],\"inLanguage\":\"pt-BR\"}]}<\/script>\n<!-- \/ Yoast SEO plugin. -->","yoast_head_json":{"title":"Top Management Consultancy and Executive Education","description":"A top management consultancy with the purpose of helping our clients to achieve lasting success in the society and business environment of the 21st century.","robots":{"index":"index","follow":"follow","max-snippet":"max-snippet:-1","max-image-preview":"max-image-preview:large","max-video-preview":"max-video-preview:-1"},"canonical":"https:\/\/virtuouscompany.com\/english\/what-we-do\/","og_locale":"pt_BR","og_type":"article","og_title":"Top Management Consultancy and Executive Education","og_description":"A top management consultancy with the purpose of helping our clients to achieve lasting success in the society and business environment of the 21st century.","og_url":"https:\/\/virtuouscompany.com\/english\/what-we-do\/","og_site_name":"Virtuous Company","article_modified_time":"2020-05-31T22:11:43+00:00","og_image":[{"width":512,"height":512,"url":"https:\/\/virtuouscompany.com\/english\/wp-content\/uploads\/2020\/03\/icone-512.png","type":"image\/png"}],"twitter_card":"summary_large_image","schema":{"@context":"https:\/\/schema.org","@graph":[{"@type":"WebPage","@id":"https:\/\/virtuouscompany.com\/english\/what-we-do\/","url":"https:\/\/virtuouscompany.com\/english\/what-we-do\/","name":"Top Management Consultancy and Executive Education","isPartOf":{"@id":"https:\/\/virtuouscompany.com\/english\/#website"},"primaryImageOfPage":{"@id":"https:\/\/virtuouscompany.com\/english\/what-we-do\/#primaryimage"},"image":{"@id":"https:\/\/virtuouscompany.com\/english\/what-we-do\/#primaryimage"},"thumbnailUrl":"https:\/\/virtuouscompany.com\/english\/wp-content\/uploads\/2020\/03\/icone-512.png","datePublished":"2020-04-05T19:44:21+00:00","dateModified":"2020-05-31T22:11:43+00:00","description":"A top management consultancy with the purpose of helping our clients to achieve lasting success in the society and business environment of the 21st century.","breadcrumb":{"@id":"https:\/\/virtuouscompany.com\/english\/what-we-do\/#breadcrumb"},"inLanguage":"pt-BR","potentialAction":[{"@type":"ReadAction","target":["https:\/\/virtuouscompany.com\/english\/what-we-do\/"]}]},{"@type":"ImageObject","inLanguage":"pt-BR","@id":"https:\/\/virtuouscompany.com\/english\/what-we-do\/#primaryimage","url":"https:\/\/virtuouscompany.com\/english\/wp-content\/uploads\/2020\/03\/icone-512.png","contentUrl":"https:\/\/virtuouscompany.com\/english\/wp-content\/uploads\/2020\/03\/icone-512.png","width":512,"height":512,"caption":"Virtuous Company"},{"@type":"BreadcrumbList","@id":"https:\/\/virtuouscompany.com\/english\/what-we-do\/#breadcrumb","itemListElement":[{"@type":"ListItem","position":1,"name":"Home","item":"https:\/\/virtuouscompany.com\/english\/"},{"@type":"ListItem","position":2,"name":"What We Do"}]},{"@type":"WebSite","@id":"https:\/\/virtuouscompany.com\/english\/#website","url":"https:\/\/virtuouscompany.com\/english\/","name":"Virtuous Company","description":"Consultoria de Alta Gest\u00e3o e Educa\u00e7\u00e3o Executiva","potentialAction":[{"@type":"SearchAction","target":{"@type":"EntryPoint","urlTemplate":"https:\/\/virtuouscompany.com\/english\/?s={search_term_string}"},"query-input":{"@type":"PropertyValueSpecification","valueRequired":true,"valueName":"search_term_string"}}],"inLanguage":"pt-BR"}]}},"_links":{"self":[{"href":"https:\/\/virtuouscompany.com\/english\/wp-json\/wp\/v2\/pages\/244","targetHints":{"allow":["GET"]}}],"collection":[{"href":"https:\/\/virtuouscompany.com\/english\/wp-json\/wp\/v2\/pages"}],"about":[{"href":"https:\/\/virtuouscompany.com\/english\/wp-json\/wp\/v2\/types\/page"}],"author":[{"embeddable":true,"href":"https:\/\/virtuouscompany.com\/english\/wp-json\/wp\/v2\/users\/1"}],"replies":[{"embeddable":true,"href":"https:\/\/virtuouscompany.com\/english\/wp-json\/wp\/v2\/comments?post=244"}],"version-history":[{"count":5,"href":"https:\/\/virtuouscompany.com\/english\/wp-json\/wp\/v2\/pages\/244\/revisions"}],"predecessor-version":[{"id":521,"href":"https:\/\/virtuouscompany.com\/english\/wp-json\/wp\/v2\/pages\/244\/revisions\/521"}],"wp:featuredmedia":[{"embeddable":true,"href":"https:\/\/virtuouscompany.com\/english\/wp-json\/wp\/v2\/media\/105"}],"wp:attachment":[{"href":"https:\/\/virtuouscompany.com\/english\/wp-json\/wp\/v2\/media?parent=244"}],"curies":[{"name":"wp","href":"https:\/\/api.w.org\/{rel}","templated":true}]}}